{"id":10,"date":"2022-11-10T16:12:29","date_gmt":"2022-11-10T15:12:29","guid":{"rendered":"https:\/\/lutinsprojet.ddns.net\/?page_id=10"},"modified":"2025-09-04T14:48:15","modified_gmt":"2025-09-04T12:48:15","slug":"le-premier-degre","status":"publish","type":"page","link":"https:\/\/www.lutins.be\/index.php\/le-premier-degre\/","title":{"rendered":"Accueil \/ 1\u00e8re maternelle"},"content":{"rendered":"\n<style id=\"bwg-style-0\">    #bwg_container1_0 #bwg_container2_0 .bwg-container-0.bwg-album-thumbnails {    width: 1254px;    justify-content: center;            justify-content: center;        margin:0 auto !important;          background-color: rgba(255, 255, 255, 0.00);          padding-left: 4px;      padding-top: 4px;      max-width: 100%;          }        #bwg_container1_0 #bwg_container2_0 .bwg-container-0.bwg-album-thumbnails .bwg-item {    justify-content: flex-start;    max-width: 250px;        }    #bwg_container1_0 #bwg_container2_0 .bwg-container-0.bwg-album-thumbnails .bwg-item a {      margin-right: 4px;      margin-bottom: 4px;    }    #bwg_container1_0 #bwg_container2_0 .bwg-container-0.bwg-album-thumbnails .bwg-item0 {      padding: 0px;            background-color:rgba(0,0,0, 0.30);      border: 0px none #CCCCCC;      opacity: 1.00;      border-radius: 0;      box-shadow: 0px 0px 0px #888888;    }    #bwg_container1_0 #bwg_container2_0 .bwg-container-0.bwg-album-thumbnails .bwg-item1 img {      max-height: none;      max-width: none;      padding: 0 !important;    }          @media only screen and (min-width: 480px) {      #bwg_container1_0 #bwg_container2_0 .bwg-container-0.bwg-album-thumbnails .bwg-item1 img {      -webkit-transition: all .3s; transition: all .3s;      }      #bwg_container1_0 #bwg_container2_0 .bwg-container-0.bwg-album-thumbnails .bwg-item1 img:hover {        -ms-transform: scale(1.08);        -webkit-transform: scale(1.08);        transform: scale(1.08);      }              .bwg-album-thumbnails .bwg-zoom-effect .bwg-zoom-effect-overlay {                background-color:rgba(0,0,0, 0.3);        }        .bwg-album-thumbnails .bwg-zoom-effect:hover img {        -ms-transform: scale(1.08);        -webkit-transform: scale(1.08);        transform: scale(1.08);        }            }          #bwg_container1_0 #bwg_container2_0 .bwg-container-0.bwg-album-thumbnails .bwg-item1 {      padding-top: 56%;    }          #bwg_container1_0 #bwg_container2_0 .bwg-container-0.bwg-album-thumbnails .bwg-title1 {        position: absolute;        top: 0;        z-index: 100;        width: 100%;        height: 100%;        display: flex;        justify-content: center;        align-content: center;        flex-direction: column;        opacity: 0;      }          #bwg_container1_0 #bwg_container2_0 .bwg-container-0.bwg-album-thumbnails .bwg-title2 {      color: #FFFFFF;      font-family: Ubuntu;      font-size: 16px;      font-weight: bold;      padding: 2px;      text-shadow: 0px 0px 0px #888888;      max-height: 100%;    }        #bwg_container1_0 #bwg_container2_0 .bwg-container-0.bwg-standard-thumbnails {      width: 1254px;              justify-content: center;        margin:0 auto !important;              background-color: rgba(255, 255, 255, 0.00);            padding-left: 4px;      padding-top: 4px;      max-width: 100%;            }        #bwg_container1_0 #bwg_container2_0 .bwg-container-0.bwg-standard-thumbnails .bwg-item {    justify-content: flex-start;      max-width: 250px;          }    #bwg_container1_0 #bwg_container2_0 .bwg-container-0.bwg-standard-thumbnails .bwg-item a {       margin-right: 4px;       margin-bottom: 4px;    }    #bwg_container1_0 #bwg_container2_0 .bwg-container-0.bwg-standard-thumbnails .bwg-item0 {      padding: 0px;            background-color:rgba(0,0,0, 0.30);      border: 0px none #CCCCCC;      opacity: 1.00;      border-radius: 0;      box-shadow: 0px 0px 0px #888888;    }    #bwg_container1_0 #bwg_container2_0 .bwg-container-0.bwg-standard-thumbnails .bwg-item1 img {      max-height: none;      max-width: none;      padding: 0 !important;    }         @media only screen and (min-width: 480px) {\t\t#bwg_container1_0 #bwg_container2_0 .bwg-container-0.bwg-standard-thumbnails .bwg-item1 img {\t\t\t-webkit-transition: all .3s; transition: all .3s;\t\t}\t\t#bwg_container1_0 #bwg_container2_0 .bwg-container-0.bwg-standard-thumbnails .bwg-item1 img:hover {\t\t\t-ms-transform: scale(1.08);\t\t\t-webkit-transform: scale(1.08);\t\t\ttransform: scale(1.08);\t\t}\t\t      }\t    #bwg_container1_0 #bwg_container2_0 .bwg-container-0.bwg-standard-thumbnails .bwg-item1 {      padding-top: 56%;    }        #bwg_container1_0 #bwg_container2_0 .bwg-container-0.bwg-standard-thumbnails .bwg-title2,    #bwg_container1_0 #bwg_container2_0 .bwg-container-0.bwg-standard-thumbnails .bwg-ecommerce2 {      color: #323A45;      font-family: Ubuntu;      font-size: 16px;      font-weight: bold;      padding: 2px;      text-shadow: 0px 0px 0px #888888;      max-height: 100%;    }    #bwg_container1_0 #bwg_container2_0 .bwg-container-0.bwg-standard-thumbnails .bwg-thumb-description span {    color: #323A45;    font-family: Ubuntu;    font-size: 12px;    max-height: 100%;    word-wrap: break-word;    }    #bwg_container1_0 #bwg_container2_0 .bwg-container-0.bwg-standard-thumbnails .bwg-play-icon2 {      font-size: 32px;    }    #bwg_container1_0 #bwg_container2_0 .bwg-container-0.bwg-standard-thumbnails .bwg-ecommerce2 {      font-size: 19.2px;      color: #323A45;    }    <\/style>    <div id=\"bwg_container1_0\"         class=\"bwg_container bwg_thumbnail bwg_album_compact_preview bwg_thumbnail\"         data-right-click-protection=\"0\"         data-bwg=\"0\"         data-scroll=\"0\"         data-gallery-type=\"album_compact_preview\"         data-gallery-view-type=\"thumbnail\"         data-current-url=\"\/index.php\/wp-json\/wp\/v2\/pages\/10\"         data-lightbox-url=\"https:\/\/www.lutins.be\/wp-admin\/admin-ajax.php?action=GalleryBox&#038;current_view=0&#038;gallery_id=0&#038;tag=0&#038;theme_id=1&#038;shortcode_id=55&#038;sort_by=order&#038;order_by=asc&#038;current_url=%2Findex.php%2Fwp-json%2Fwp%2Fv2%2Fpages%2F10\"         data-gallery-id=\"0\"         data-popup-width=\"800\"         data-popup-height=\"500\"         data-is-album=\"album\"         data-buttons-position=\"bottom\">      <div id=\"bwg_container2_0\">             <div id=\"ajax_loading_0\" class=\"bwg_loading_div_1\">      <div class=\"bwg_loading_div_2\">        <div class=\"bwg_loading_div_3\">          <div id=\"loading_div_0\" class=\"bwg_spider_ajax_loading\">          <\/div>        <\/div>      <\/div>    <\/div>            <form id=\"gal_front_form_0\"              class=\"bwg-hidden\"              method=\"post\"              action=\"#\"              data-current=\"0\"              data-shortcode-id=\"55\"              data-gallery-type=\"album_compact_preview\"              data-gallery-id=\"0\"              data-tag=\"0\"              data-album-id=\"2\"              data-theme-id=\"1\"              data-ajax-url=\"https:\/\/www.lutins.be\/wp-admin\/admin-ajax.php?action=bwg_frontend_data\">          <div id=\"bwg_container3_0\" class=\"bwg-background bwg-background-0\">                <div data-max-count=\"5\"         data-thumbnail-width=\"250\"         data-bwg=\"0\"         id=\"bwg_album_compact_0\"         class=\"bwg-thumbnails bwg-container bwg-container-0 bwg-album-thumbnails bwg_album_thumbnails_0\">              <div class=\"bwg-item\">          <a class=\"bwg-a bwg-album bwg_album_0\"             href='\/index.php\/wp-json\/wp\/v2\/pages\/10?type_0=gallery&#038;album_gallery_id_0=2'                          data-container_id=\"bwg_album_compact_0\"             data-def_type=\"gallery\"             data-album_gallery_id=\"2\"             data-alb_gal_id=\"2\"             data-title=\"Classe d&#039;accueil\"             data-bwg=\"0\">                        <div class=\"bwg-item0 \">              <div class=\"bwg-item1 bwg-zoom-effect\">                <div class=\"bwg-item2\">                  <img decoding=\"async\" class=\"skip-lazy \"                       data-width=\"500.00\"                       data-height=\"353.00\"                       data-src=\"https:\/\/www.lutins.be\/wp-content\/uploads\/photo-gallery\/thumb\/1.png?bwg=1676633427\"                       src=\"https:\/\/www.lutins.be\/wp-content\/uploads\/photo-gallery\/thumb\/1.png?bwg=1676633427\"                       alt=\"Classe d&#039;accueil\"                       title=\"Classe d&#039;accueil\" \/>                <\/div>                <div class=\"bwg-zoom-effect-overlay\">                  <div class=\"bwg-title1\"><div class=\"bwg-title2\">Classe d'accueil<\/div><\/div>                <\/div>              <\/div>            <\/div>                      <\/a>        <\/div>                <div class=\"bwg-item\">          <a class=\"bwg-a bwg-album bwg_album_0\"             href='\/index.php\/wp-json\/wp\/v2\/pages\/10?type_0=gallery&#038;album_gallery_id_0=3'                          data-container_id=\"bwg_album_compact_0\"             data-def_type=\"gallery\"             data-album_gallery_id=\"2\"             data-alb_gal_id=\"3\"             data-title=\"Classe d&#039;accueil \/ 1 \u00e8re de Madame Hanquet\"             data-bwg=\"0\">                        <div class=\"bwg-item0 \">              <div class=\"bwg-item1 bwg-zoom-effect\">                <div class=\"bwg-item2\">                  <img decoding=\"async\" class=\"skip-lazy \"                       data-width=\"500.00\"                       data-height=\"353.00\"                       data-src=\"https:\/\/www.lutins.be\/wp-content\/uploads\/photo-gallery\/thumb\/2.png?bwg=1676842105\"                       src=\"https:\/\/www.lutins.be\/wp-content\/uploads\/photo-gallery\/thumb\/2.png?bwg=1676842105\"                       alt=\"Classe d&#039;accueil \/ 1 \u00e8re de Madame Hanquet\"                       title=\"Classe d&#039;accueil \/ 1 \u00e8re de Madame Hanquet\" \/>                <\/div>                <div class=\"bwg-zoom-effect-overlay\">                  <div class=\"bwg-title1\"><div class=\"bwg-title2\">Classe d'accueil \/ 1 \u00e8re de Madame Hanquet<\/div><\/div>                <\/div>              <\/div>            <\/div>                      <\/a>        <\/div>            <\/div>          <input type=\"hidden\" id=\"bwg_album_breadcrumb_0\" name=\"bwg_album_breadcrumb_0\" value='[{&quot;id&quot;:&quot;2&quot;,&quot;page&quot;:1}]' \/>    <style>      \/*pagination styles*\/      #bwg_container1_0 #bwg_container2_0 .tablenav-pages_0 {\t\t\t\ttext-align: center;\t\t\t\tfont-size: 12px;\t\t\t\tfont-family: Ubuntu;\t\t\t\tfont-weight: bold;\t\t\t\tcolor: #666666;\t\t\t\tmargin: 6px 0 4px;\t\t\t\tdisplay: block;      }      @media only screen and (max-width : 320px) {      #bwg_container1_0 #bwg_container2_0 .displaying-num_0 {     \t display: none;      }      }      #bwg_container1_0 #bwg_container2_0 .displaying-num_0 {\t\t\t\tfont-size: 12px;\t\t\t\tfont-family: Ubuntu;\t\t\t\tfont-weight: bold;\t\t\t\tcolor: #666666;\t\t\t\tmargin-right: 10px;\t\t\t\tvertical-align: middle;      }      #bwg_container1_0 #bwg_container2_0 .paging-input_0 {\t\t\t\tfont-size: 12px;\t\t\t\tfont-family: Ubuntu;\t\t\t\tfont-weight: bold;\t\t\t\tcolor: #666666;\t\t\t\tvertical-align: middle;      }      #bwg_container1_0 #bwg_container2_0 .tablenav-pages_0 a.disabled,      #bwg_container1_0 #bwg_container2_0 .tablenav-pages_0 a.disabled:hover,      #bwg_container1_0 #bwg_container2_0 .tablenav-pages_0 a.disabled:focus,\t\t\t#bwg_container1_0 #bwg_container2_0 .tablenav-pages_0 input.bwg_current_page {\t\t\t\tcursor: default;\t\t\t\tcolor: rgba(102, 102, 102, 0.5);      }      #bwg_container1_0 #bwg_container2_0 .tablenav-pages_0 a,      #bwg_container1_0 #bwg_container2_0 .tablenav-pages_0 input.bwg_current_page {\t\t\t\tcursor: pointer;\t\t\t\ttext-align: center;\t\t\t\tfont-size: 12px;\t\t\t\tfont-family: Ubuntu;\t\t\t\tfont-weight: bold;\t\t\t\tcolor: #666666;\t\t\t\ttext-decoration: none;\t\t\t\tpadding: 3px 6px;\t\t\t\tmargin: 0;\t\t\t\tborder-radius: 0;\t\t\t\tborder-style: solid;\t\t\t\tborder-width: 1px;\t\t\t\tborder-color: #E3E3E3;\t\t\t\t\t\t\t\tbackground-color: rgba(255, 255, 255, 1.00);\t\t\t\tbox-shadow: 0;\t\t\t\ttransition: all 0.3s ease 0s;-webkit-transition: all 0.3s ease 0s;      }      <\/style>      <span class=\"bwg_nav_cont_0\">              <div class=\"tablenav-pages_0\">                  <\/div>                <input type=\"hidden\" id=\"page_number_0\" name=\"page_number_0\" value=\"1\" \/>      <script type=\"text\/javascript\">        if( jQuery('.bwg_nav_cont_0').length > 1 ) {          jQuery('.bwg_nav_cont_0').first().remove()        }        function spider_page_0(cur, x, y, load_more) {          if (typeof load_more == \"undefined\") {            var load_more = false;          }          if (jQuery(cur).hasClass('disabled')) {            return false;          }          var items_county_0 = 1;          switch (y) {            case 1:              if (x >= items_county_0) {                document.getElementById('page_number_0').value = items_county_0;              }              else {                document.getElementById('page_number_0').value = x + 1;              }              break;            case 2:              document.getElementById('page_number_0').value = items_county_0;              break;            case -1:              if (x == 1) {                document.getElementById('page_number_0').value = 1;              }              else {                document.getElementById('page_number_0').value = x - 1;              }              break;            case -2:              document.getElementById('page_number_0').value = 1;              break;\t\t\t\t\t\tcase 0:              document.getElementById('page_number_0').value = x;              break;            default:              document.getElementById('page_number_0').value = 1;          }          bwg_ajax('gal_front_form_0', '0', 'bwg_album_compact_0', '2', '', 'album', 0, '', '', load_more, '', 1);        }                    jQuery('.first-page-0').on('click', function () {              spider_page_0(this, 1, -2, 'numeric');              return false;            });            jQuery('.prev-page-0').on('click', function () {              spider_page_0(this, 1, -1, 'numeric');              return false;            });            jQuery('.next-page-0').on('click', function () {              spider_page_0(this, 1, 1, 'numeric');              return false;            });            jQuery('.last-page-0').on('click', function () {              spider_page_0(this, 1, 2, 'numeric');              return false;            });        \t\t\t\t\/* Change page on input enter. *\/        function bwg_change_page_0( e, that ) {          if (  e.key == 'Enter' ) {            var to_page = parseInt(jQuery(that).val());            var pages_count = jQuery(that).parents(\".pagination-links\").data(\"pages-count\");            var current_url_param = jQuery(that).attr('data-url-info');            if (to_page > pages_count) {              to_page = 1;            }\t \t\t\t\t\t\t\t\t\t\t\t\tspider_page_0(this, to_page, 0, 'numeric');\t\t\t\t\t\t\treturn false;\t\t\t\t\t\t          }          return true;        }        jQuery('.bwg_load_btn_0').on('click', function () {            spider_page_0(this, 1, 1, true);            return false;        });      <\/script>      <\/span>                <\/div>        <\/form>        <style>          #bwg_container1_0 #bwg_container2_0 #spider_popup_overlay_0 {          background-color: #EEEEEE;          opacity: 0.60;          }          <\/style>        <div id=\"bwg_spider_popup_loading_0\" class=\"bwg_spider_popup_loading\"><\/div>        <div id=\"spider_popup_overlay_0\" class=\"spider_popup_overlay\" onclick=\"spider_destroypopup(1000)\"><\/div>        <input type=\"hidden\" id=\"bwg_random_seed_0\" value=\"1056062186\">                <\/div>    <\/div>    <script>      if (document.readyState === 'complete') {        if( typeof bwg_main_ready == 'function' ) {          if ( jQuery(\"#bwg_container1_0\").height() ) {            bwg_main_ready(jQuery(\"#bwg_container1_0\"));          }        }      } else {        document.addEventListener('DOMContentLoaded', function() {          if( typeof bwg_main_ready == 'function' ) {            if ( jQuery(\"#bwg_container1_0\").height() ) {             bwg_main_ready(jQuery(\"#bwg_container1_0\"));            }          }        });      }    <\/script>    \n\n\n\n<div class=\"wp-block-group\"><div class=\"wp-block-group__inner-container is-layout-constrained wp-block-group-is-layout-constrained\">\n<div class=\"wp-block-columns is-layout-flex wp-container-core-columns-is-layout-9d6595d7 wp-block-columns-is-layout-flex\">\n<div class=\"wp-block-column is-layout-flow wp-block-column-is-layout-flow\" style=\"flex-basis:100%\"><\/div>\n<\/div>\n<\/div><\/div>\n\n\n\n<p>Cliquez sur les images pour d\u00e9couvrir les photos \ud83d\ude42<\/p>\n\n\n\n<p>L\u2019enfant quitte sa famille, la cr\u00e8che et entre seul dans un nouvel environnement. Sa classe de jeux, l&rsquo;espace ext\u00e9rieur dont il va prendre petit \u00e0 petit possession.<\/p>\n\n\n\n<p>Il entre en contact avec des petits compagnons qui \u00e9voluent autour de lui, qui viennent le heurter, prendre son jouet, lui faire attendre son tour, et petit \u00e0 petit, au lieu d\u2019\u00eatre des g\u00eaneurs, ils deviennent partenaires de jeu, ils vont apprendre \u00e0 se parler pour jouer \u00e0 deux ou trois ensemble.<\/p>\n\n\n\n<p>L\u2019enfant va recevoir des nouveaux outils : pinceaux, crayons, feutres, feuilles de papier, ciseaux, terre, plasticine,\u2026et va apprendre \u00e0 s\u2019en servir.<br>Il va entendre de nouvelles histoires, des chants, des comptines qu\u2019il devra m\u00e9moriser.<br>Il va d\u00e9velopper son corps dans sa motricit\u00e9 globale, escalader, marcher, rouler,\u2026 seul ou en collaboration avec des objets.<\/p>\n\n\n\n<p>Il va d\u00e9couvrir un vocabulaire de plus en plus riche au travers d\u2019activit\u00e9s d\u2019observation du monde animal ou v\u00e9g\u00e9tal, des situations de sa vie, des ph\u00e9nom\u00e8nes naturels, de l\u2019environnement, du rythme des saisons, des f\u00eates, les exp\u00e9riences math\u00e9matiques son vocabulaire.<\/p>\n\n\n\n<p>Il va d\u00e9couvrir sa cr\u00e9ativit\u00e9 dans les activit\u00e9s artistiques qui r\u00e9pondent \u00e0 ses besoins d\u2019expressions, de communications, d\u2019imagination par ses cr\u00e9ations.<\/p>\n","protected":false},"excerpt":{"rendered":"<p>Cliquez sur les images pour d\u00e9couvrir les photos \ud83d\ude42 L\u2019enfant quitte sa famille, la cr\u00e8che et entre seul dans un nouvel environnement. Sa classe de [&hellip;]<\/p>\n","protected":false},"author":1,"featured_media":892,"parent":0,"menu_order":0,"comment_status":"closed","ping_status":"closed","template":"","meta":{"footnotes":""},"class_list":["post-10","page","type-page","status-publish","has-post-thumbnail","hentry"],"_links":{"self":[{"href":"https:\/\/www.lutins.be\/index.php\/wp-json\/wp\/v2\/pages\/10","targetHints":{"allow":["GET"]}}],"collection":[{"href":"https:\/\/www.lutins.be\/index.php\/wp-json\/wp\/v2\/pages"}],"about":[{"href":"https:\/\/www.lutins.be\/index.php\/wp-json\/wp\/v2\/types\/page"}],"author":[{"embeddable":true,"href":"https:\/\/www.lutins.be\/index.php\/wp-json\/wp\/v2\/users\/1"}],"replies":[{"embeddable":true,"href":"https:\/\/www.lutins.be\/index.php\/wp-json\/wp\/v2\/comments?post=10"}],"version-history":[{"count":23,"href":"https:\/\/www.lutins.be\/index.php\/wp-json\/wp\/v2\/pages\/10\/revisions"}],"predecessor-version":[{"id":911,"href":"https:\/\/www.lutins.be\/index.php\/wp-json\/wp\/v2\/pages\/10\/revisions\/911"}],"wp:featuredmedia":[{"embeddable":true,"href":"https:\/\/www.lutins.be\/index.php\/wp-json\/wp\/v2\/media\/892"}],"wp:attachment":[{"href":"https:\/\/www.lutins.be\/index.php\/wp-json\/wp\/v2\/media?parent=10"}],"curies":[{"name":"wp","href":"https:\/\/api.w.org\/{rel}","templated":true}]}}