{"id":342,"date":"2023-02-20T16:32:56","date_gmt":"2023-02-20T15:32:56","guid":{"rendered":"https:\/\/lutinsprojet.ddns.net\/?page_id=342"},"modified":"2025-09-30T15:20:39","modified_gmt":"2025-09-30T13:20:39","slug":"documents-a-telecharger","status":"publish","type":"page","link":"https:\/\/www.lutins.be\/index.php\/documents-a-telecharger\/","title":{"rendered":"Documents \u00e0 t\u00e9l\u00e9charger"},"content":{"rendered":"\n<div class=\"wp-block-columns is-layout-flex wp-container-core-columns-is-layout-9d6595d7 wp-block-columns-is-layout-flex\">\n<div class=\"wp-block-column has-larger-font-size is-layout-flow wp-block-column-is-layout-flow\" style=\"flex-basis:100%\"><\/div>\n<\/div>\n\n\n\n<div class=\"wp-block-file\"><a id=\"wp-block-file--media-096a1117-9225-4b15-9aa4-96c33607476c\" href=\"https:\/\/www.lutins.be\/wp-content\/uploads\/2025\/08\/Gratuite-scolaire-Enseignement-maternel-ressource-18805.pdf\">Gratuit\u00e9 scolaire &#8211; Enseignement maternel (ressource 18805)<\/a><a href=\"https:\/\/www.lutins.be\/wp-content\/uploads\/2025\/08\/Gratuite-scolaire-Enseignement-maternel-ressource-18805.pdf\" class=\"wp-block-file__button wp-element-button\" download aria-describedby=\"wp-block-file--media-096a1117-9225-4b15-9aa4-96c33607476c\">T\u00e9l\u00e9charger<\/a><\/div>\n\n\n\n<div class=\"wp-block-file\"><a id=\"wp-block-file--media-197597a1-6b75-4397-bfaa-937165e1b6f0\" href=\"https:\/\/www.lutins.be\/wp-content\/uploads\/2025\/08\/justificatif-absences-2025-2026.docx\">justificatif absences 2025-2026<\/a><a href=\"https:\/\/www.lutins.be\/wp-content\/uploads\/2025\/08\/justificatif-absences-2025-2026.docx\" class=\"wp-block-file__button wp-element-button\" download aria-describedby=\"wp-block-file--media-197597a1-6b75-4397-bfaa-937165e1b6f0\">T\u00e9l\u00e9charger<\/a><\/div>\n\n\n\n\n\n<p><\/p>\n","protected":false},"excerpt":{"rendered":"","protected":false},"author":1,"featured_media":813,"parent":0,"menu_order":0,"comment_status":"closed","ping_status":"closed","template":"","meta":{"footnotes":""},"class_list":["post-342","page","type-page","status-publish","has-post-thumbnail","hentry"],"_links":{"self":[{"href":"https:\/\/www.lutins.be\/index.php\/wp-json\/wp\/v2\/pages\/342","targetHints":{"allow":["GET"]}}],"collection":[{"href":"https:\/\/www.lutins.be\/index.php\/wp-json\/wp\/v2\/pages"}],"about":[{"href":"https:\/\/www.lutins.be\/index.php\/wp-json\/wp\/v2\/types\/page"}],"author":[{"embeddable":true,"href":"https:\/\/www.lutins.be\/index.php\/wp-json\/wp\/v2\/users\/1"}],"replies":[{"embeddable":true,"href":"https:\/\/www.lutins.be\/index.php\/wp-json\/wp\/v2\/comments?post=342"}],"version-history":[{"count":20,"href":"https:\/\/www.lutins.be\/index.php\/wp-json\/wp\/v2\/pages\/342\/revisions"}],"predecessor-version":[{"id":962,"href":"https:\/\/www.lutins.be\/index.php\/wp-json\/wp\/v2\/pages\/342\/revisions\/962"}],"wp:featuredmedia":[{"embeddable":true,"href":"https:\/\/www.lutins.be\/index.php\/wp-json\/wp\/v2\/media\/813"}],"wp:attachment":[{"href":"https:\/\/www.lutins.be\/index.php\/wp-json\/wp\/v2\/media?parent=342"}],"curies":[{"name":"wp","href":"https:\/\/api.w.org\/{rel}","templated":true}]}}