{"id":406,"date":"2023-03-07T20:31:05","date_gmt":"2023-03-07T19:31:05","guid":{"rendered":"https:\/\/lutinsprojet.ddns.net\/?page_id=406"},"modified":"2025-08-26T11:42:06","modified_gmt":"2025-08-26T09:42:06","slug":"isbw","status":"publish","type":"page","link":"https:\/\/www.lutins.be\/index.php\/isbw\/","title":{"rendered":"ISBW"},"content":{"rendered":"\n<p class=\"has-purple-color has-text-color\">L&rsquo;\u00e9quipe ISBW, Sarah (coordinatrice), Justine , Nathalie , Rachel, Benjamin, ainsi que les<br>Animateurs communaux Claire, Nadia, St\u00e9phanie sommes fi\u00e8res d&rsquo;accueillir vos enfants les matins<br>de 7h \u00e0 8h30 et les apr\u00e8s-midi de 15h10 \u00e0 18h (mercredi de 12h05 \u00e0 18h).<br>Sur le lieu d&rsquo;accueil nous faisons vivre un projet bas\u00e9 sur la co-\u00e9ducation, le respect du rythme de<br>l&rsquo;enfant et de ses besoins.<br>Nous proposons :<br>\u2022 des espaces vari\u00e9s ( jeux calmes, jeux symboliques, espace zen et de repos)<br>\u2022 des petits projets ludiques ( cuisine \u00e0 gadoue, bacs \u00e0 fleurs, Yoga\u2026)<br>\u2022 des outils pour la gestion de conflits (marelle, m\u00e9t\u00e9o de l&rsquo;humeur,\u2026)<br>Et bien d&rsquo;autres choses\u2026<\/p>\n\n\n\n<p class=\"has-purple-color has-text-color\"><br><strong>Une question par rapport \u00e0 votre enfant, \u00e0 votre organisation, n&rsquo;h\u00e9sitez pas \u00e0 venir nous trouver et<br>nous r\u00e9pondrons \u00e0 vos questions avec plaisir.<br>En cas de retard (apr\u00e8s 18h) n&rsquo;h\u00e9sitez pas \u00e0 nous contacter au 0485\/57.69.81<br>Quelques num\u00e9ros importants :<br>Sarah Giacira Coordinatrice 0476\/80.46.36<br>Administratif 02\/315.13.81<br>Facturation et Attestations fiscales 02\/315.13.67<br>Tarifs sociaux 0476\/805.193<\/strong><\/p>\n\n\n\n<p class=\"has-purple-color has-text-color\">A tr\u00e8s bient\u00f4t,<br>L&rsquo;\u00e9quipe Animateurs<\/p>\n\n\n\n<p><\/p>\n\n\n\n<p class=\"has-purple-color has-text-color has-larger-font-size\">NOUVEAUX TARIFS<\/p>\n\n\n\n<ul class=\"wp-block-list\">\n<li>Un 1\u20444 h de gratuit\u00e9 est offert le matin et le soir.<\/li>\n\n\n\n<li>Les heures d\u2019accueil du matin et du soir s\u2019additionnent.<\/li>\n\n\n\n<li>Un tarif adapt\u00e9 aux revenus des parents est possible sur base d\u2019un entretien social.<\/li>\n\n\n\n<li>L\u2019ISBW fournit une attestation fiscale sur base des montants pay\u00e9s.<\/li>\n<\/ul>\n\n\n\n<div data-wp-interactive=\"core\/file\" class=\"wp-block-file\"><object data-wp-bind--hidden=\"!state.hasPdfPreview\" hidden class=\"wp-block-file__embed\" data=\"https:\/\/www.lutins.be\/wp-content\/uploads\/2025\/08\/Tarifs-ISBW.pdf\" type=\"application\/pdf\" style=\"width:100%;height:600px\" aria-label=\"Contenu embarqu\u00e9 Tarifs ISBW.\"><\/object><a id=\"wp-block-file--media-76feccf9-65d4-4ddd-bbbc-a5c62d3057b1\" href=\"https:\/\/www.lutins.be\/wp-content\/uploads\/2025\/08\/Tarifs-ISBW.pdf\">Tarifs ISBW<\/a><a href=\"https:\/\/www.lutins.be\/wp-content\/uploads\/2025\/08\/Tarifs-ISBW.pdf\" class=\"wp-block-file__button wp-element-button\" download aria-describedby=\"wp-block-file--media-76feccf9-65d4-4ddd-bbbc-a5c62d3057b1\">T\u00e9l\u00e9charger<\/a><\/div>\n\n\n\n<div class=\"wp-block-file\"><a id=\"wp-block-file--media-d6270822-5474-43a0-a1ff-f1969a3b2086\" href=\"https:\/\/www.lutins.be\/wp-content\/uploads\/2025\/08\/R.O.I-2025-2026.pdf\">R.O.I 2025-2026<\/a><a href=\"https:\/\/www.lutins.be\/wp-content\/uploads\/2025\/08\/R.O.I-2025-2026.pdf\" class=\"wp-block-file__button wp-element-button\" download aria-describedby=\"wp-block-file--media-d6270822-5474-43a0-a1ff-f1969a3b2086\">Download<\/a><\/div>\n\n\n\n<div class=\"wp-block-file\"><a id=\"wp-block-file--media-643f2b66-497a-42a4-84a0-4413d7ce56f9\" href=\"https:\/\/www.lutins.be\/wp-content\/uploads\/2023\/09\/lettre-nouveau-parents.docx\">lettre-nouveau-parents<\/a><a href=\"https:\/\/www.lutins.be\/wp-content\/uploads\/2023\/09\/lettre-nouveau-parents.docx\" class=\"wp-block-file__button wp-element-button\" download aria-describedby=\"wp-block-file--media-643f2b66-497a-42a4-84a0-4413d7ce56f9\">Download<\/a><\/div>\n\n\n\n<div class=\"wp-block-file\"><a id=\"wp-block-file--media-39cb634e-a139-41ed-92c5-77e473e63513\" href=\"https:\/\/www.lutins.be\/wp-content\/uploads\/2023\/09\/Lettre-parents-non-connectes.docx\">Lettre-parents-non-connectes<\/a><a href=\"https:\/\/www.lutins.be\/wp-content\/uploads\/2023\/09\/Lettre-parents-non-connectes.docx\" class=\"wp-block-file__button wp-element-button\" download aria-describedby=\"wp-block-file--media-39cb634e-a139-41ed-92c5-77e473e63513\">Download<\/a><\/div>\n\n\n\n<div class=\"wp-block-file\"><a id=\"wp-block-file--media-22e8357d-dced-4aed-94b1-9462397ea067\" href=\"https:\/\/www.lutins.be\/wp-content\/uploads\/2023\/03\/ISBWprojetpedagogique-3.pdf\">ISBWprojetpedagogique-3<\/a><a href=\"https:\/\/www.lutins.be\/wp-content\/uploads\/2023\/03\/ISBWprojetpedagogique-3.pdf\" class=\"wp-block-file__button wp-element-button\" download aria-describedby=\"wp-block-file--media-22e8357d-dced-4aed-94b1-9462397ea067\">Download<\/a><\/div>\n","protected":false},"excerpt":{"rendered":"<p>L&rsquo;\u00e9quipe ISBW, Sarah (coordinatrice), Justine , Nathalie , Rachel, Benjamin, ainsi que lesAnimateurs communaux Claire, Nadia, St\u00e9phanie sommes fi\u00e8res d&rsquo;accueillir vos enfants les matinsde 7h [&hellip;]<\/p>\n","protected":false},"author":1,"featured_media":818,"parent":0,"menu_order":0,"comment_status":"closed","ping_status":"closed","template":"","meta":{"footnotes":""},"class_list":["post-406","page","type-page","status-publish","has-post-thumbnail","hentry"],"_links":{"self":[{"href":"https:\/\/www.lutins.be\/index.php\/wp-json\/wp\/v2\/pages\/406","targetHints":{"allow":["GET"]}}],"collection":[{"href":"https:\/\/www.lutins.be\/index.php\/wp-json\/wp\/v2\/pages"}],"about":[{"href":"https:\/\/www.lutins.be\/index.php\/wp-json\/wp\/v2\/types\/page"}],"author":[{"embeddable":true,"href":"https:\/\/www.lutins.be\/index.php\/wp-json\/wp\/v2\/users\/1"}],"replies":[{"embeddable":true,"href":"https:\/\/www.lutins.be\/index.php\/wp-json\/wp\/v2\/comments?post=406"}],"version-history":[{"count":14,"href":"https:\/\/www.lutins.be\/index.php\/wp-json\/wp\/v2\/pages\/406\/revisions"}],"predecessor-version":[{"id":859,"href":"https:\/\/www.lutins.be\/index.php\/wp-json\/wp\/v2\/pages\/406\/revisions\/859"}],"wp:featuredmedia":[{"embeddable":true,"href":"https:\/\/www.lutins.be\/index.php\/wp-json\/wp\/v2\/media\/818"}],"wp:attachment":[{"href":"https:\/\/www.lutins.be\/index.php\/wp-json\/wp\/v2\/media?parent=406"}],"curies":[{"name":"wp","href":"https:\/\/api.w.org\/{rel}","templated":true}]}}