{"id":479,"date":"2023-03-20T14:16:49","date_gmt":"2023-03-20T13:16:49","guid":{"rendered":"https:\/\/lutins.be\/?page_id=479"},"modified":"2025-01-27T12:36:41","modified_gmt":"2025-01-27T11:36:41","slug":"association-des-parents","status":"publish","type":"page","link":"https:\/\/www.lutins.be\/index.php\/association-des-parents\/","title":{"rendered":"Association des parents"},"content":{"rendered":"<div class=\"wp-block-image\">\n<figure class=\"aligncenter size-full is-resized\"><img loading=\"lazy\" decoding=\"async\" src=\"https:\/\/www.lutins.be\/wp-content\/uploads\/2023\/03\/Sans-titre-1.png\" alt=\"\" class=\"wp-image-558\" style=\"width:252px;height:252px\" width=\"252\" height=\"252\" srcset=\"https:\/\/www.lutins.be\/wp-content\/uploads\/2023\/03\/Sans-titre-1.png 500w, https:\/\/www.lutins.be\/wp-content\/uploads\/2023\/03\/Sans-titre-1-300x300.png 300w, https:\/\/www.lutins.be\/wp-content\/uploads\/2023\/03\/Sans-titre-1-150x150.png 150w\" sizes=\"auto, (max-width: 252px) 100vw, 252px\" \/><\/figure>\n<\/div>\n\n\n<p>A quoi sert l\u2019Association des Parents ?<br>* Le relais famille \u2013 \u00e9cole<br>* La rencontre des parents entre eux, motiv\u00e9e par les d\u00e9l\u00e9gu\u00e9s de classe<br>* La participation active aux \u00e9v\u00e9nements organis\u00e9s par ou pour l\u2019\u00e9cole (cheese &amp; wine, march\u00e9 de No\u00ebl, fancy-fair, etc.)<\/p>\n\n\n\n<p>Qui fait partie de l\u2019AP ? Tous les parents !<\/p>\n\n\n\n<p>Comment nous joindre ?\u00a0<a rel=\"noreferrer noopener\" href=\"mailto:aplutins@gmail.com\" target=\"_blank\">aplutins@gmail.com<\/a><\/p>\n\n\n\n<p>Num\u00e9ro de compte : BE58 0018 0289 8479<br>&#8212;<\/p>\n\n\n\n<p>Bien lutinement,<\/p>\n","protected":false},"excerpt":{"rendered":"<p>A quoi sert l\u2019Association des Parents ?* Le relais famille \u2013 \u00e9cole* La rencontre des parents entre eux, motiv\u00e9e par les d\u00e9l\u00e9gu\u00e9s de classe* La [&hellip;]<\/p>\n","protected":false},"author":1,"featured_media":817,"parent":0,"menu_order":0,"comment_status":"closed","ping_status":"closed","template":"","meta":{"footnotes":""},"class_list":["post-479","page","type-page","status-publish","has-post-thumbnail","hentry"],"_links":{"self":[{"href":"https:\/\/www.lutins.be\/index.php\/wp-json\/wp\/v2\/pages\/479","targetHints":{"allow":["GET"]}}],"collection":[{"href":"https:\/\/www.lutins.be\/index.php\/wp-json\/wp\/v2\/pages"}],"about":[{"href":"https:\/\/www.lutins.be\/index.php\/wp-json\/wp\/v2\/types\/page"}],"author":[{"embeddable":true,"href":"https:\/\/www.lutins.be\/index.php\/wp-json\/wp\/v2\/users\/1"}],"replies":[{"embeddable":true,"href":"https:\/\/www.lutins.be\/index.php\/wp-json\/wp\/v2\/comments?post=479"}],"version-history":[{"count":6,"href":"https:\/\/www.lutins.be\/index.php\/wp-json\/wp\/v2\/pages\/479\/revisions"}],"predecessor-version":[{"id":820,"href":"https:\/\/www.lutins.be\/index.php\/wp-json\/wp\/v2\/pages\/479\/revisions\/820"}],"wp:featuredmedia":[{"embeddable":true,"href":"https:\/\/www.lutins.be\/index.php\/wp-json\/wp\/v2\/media\/817"}],"wp:attachment":[{"href":"https:\/\/www.lutins.be\/index.php\/wp-json\/wp\/v2\/media?parent=479"}],"curies":[{"name":"wp","href":"https:\/\/api.w.org\/{rel}","templated":true}]}}