{"id":5,"date":"2022-11-10T16:07:49","date_gmt":"2022-11-10T15:07:49","guid":{"rendered":"https:\/\/lutinsprojet.ddns.net\/?page_id=5"},"modified":"2025-03-20T12:24:19","modified_gmt":"2025-03-20T11:24:19","slug":"informations-pratiques","status":"publish","type":"page","link":"https:\/\/www.lutins.be\/index.php\/informations-pratiques\/","title":{"rendered":"Informations pratiques"},"content":{"rendered":"\n<h2 class=\"wp-block-heading\">Contact<\/h2>\n\n\n\n<p>Rue Gaston Bary 52<br>1310 La Hulpe<\/p>\n\n\n\n<p>02\/653.50.15<\/p>\n\n\n\n<p><strong>Direction :<\/strong><br>Madame Nancy Marchal<br>lutins.direction@gmail.com<br><strong>Secr\u00e9tariat :<\/strong><br>Madame Aur\u00e9lie Grognard<br>ecole.leslutins@gmail.com<\/p>\n\n\n\n<h2 class=\"wp-block-heading\">Horaire<\/h2>\n\n\n\n<p>Nous accueillons nos petits lutins d\u00e8s l&rsquo;ouverture des portes \u00e0 7h00 et ce jusqu&rsquo;\u00e0 18h00.<br>Les activit\u00e9s p\u00e9dagogiques se d\u00e9roulent entre 8h20 et 15h10.<br>Les lutins pr\u00e9sents \u00e0 partir de 7h00 et apr\u00e8s 15h20 sont accueillis \u00e0 l&rsquo;accueil extra-scolaire (ISBW) et seront repris par les parents au plus tard \u00e0 18h00.<br>Le mercredi, les activit\u00e9s se terminent \u00e0 12h05 sans possibilit\u00e9s de repas chaud.<br><\/p>\n\n\n\n<ul class=\"wp-block-list\">\n<li>7h00 : ouverture de l&rsquo;\u00e9cole par les animateurs\/animatrices de l&rsquo;accueil extra-scolaire.<\/li>\n\n\n\n<li>8h20 : l&rsquo;enseignante accueille les enfants devant la classe. Les parents qui accompagnent les enfants quittent la cour de r\u00e9cr\u00e9ation \u00e0 8h30 afin de permettre \u00e0 l&rsquo;institutrice de commencer les activit\u00e9s.<\/li>\n\n\n\n<li>12h05 : repas chaud, repas tartines et r\u00e9cr\u00e9ation ou retour \u00e0 la maison.<\/li>\n\n\n\n<li>12h30 : sieste pour les petits et activit\u00e9s pour les plus grands.<\/li>\n\n\n\n<li>13h30 : activit\u00e9s p\u00e9dagogiques pour les enfants qui ne dorment pas.<\/li>\n\n\n\n<li>15h10 : sortie jusqu&rsquo;\u00e0 15h20.<\/li>\n<\/ul>\n\n\n\n<h2 class=\"wp-block-heading\">Commandes et paiements divers<\/h2>\n\n\n\n<p>Tous les paiements se font par virement.<\/p>\n\n\n\n<ul class=\"wp-block-list\">\n<li>Pour les repas, \u00e0 chaque fin de mois<\/li>\n\n\n\n<li>Pour la natation : celle-ci est au prix de 6\u20ac \/ s\u00e9ance + transport et est reprise dans la facture mensuelle.<\/li>\n<\/ul>\n\n\n\n<h2 class=\"wp-block-heading\">Conditions d&rsquo;admission<\/h2>\n\n\n\n<p>Les inscriptions se font \u00e0 n\u2019importe quelle p\u00e9riode de l\u2019ann\u00e9e sur rendez-vous. L\u2019enfant peut rentrer \u00e0 l&rsquo;\u00e9cole d\u00e8s l&rsquo;\u00e2ge de deux ans et demi.<\/p>\n","protected":false},"excerpt":{"rendered":"<p>Contact Rue Gaston Bary 521310 La Hulpe 02\/653.50.15 Direction :Madame Nancy Marchallutins.direction@gmail.comSecr\u00e9tariat :Madame Aur\u00e9lie Grognardecole.leslutins@gmail.com Horaire Nous accueillons nos petits lutins d\u00e8s l&rsquo;ouverture des portes [&hellip;]<\/p>\n","protected":false},"author":1,"featured_media":395,"parent":0,"menu_order":0,"comment_status":"closed","ping_status":"closed","template":"","meta":{"footnotes":""},"class_list":["post-5","page","type-page","status-publish","has-post-thumbnail","hentry"],"_links":{"self":[{"href":"https:\/\/www.lutins.be\/index.php\/wp-json\/wp\/v2\/pages\/5","targetHints":{"allow":["GET"]}}],"collection":[{"href":"https:\/\/www.lutins.be\/index.php\/wp-json\/wp\/v2\/pages"}],"about":[{"href":"https:\/\/www.lutins.be\/index.php\/wp-json\/wp\/v2\/types\/page"}],"author":[{"embeddable":true,"href":"https:\/\/www.lutins.be\/index.php\/wp-json\/wp\/v2\/users\/1"}],"replies":[{"embeddable":true,"href":"https:\/\/www.lutins.be\/index.php\/wp-json\/wp\/v2\/comments?post=5"}],"version-history":[{"count":11,"href":"https:\/\/www.lutins.be\/index.php\/wp-json\/wp\/v2\/pages\/5\/revisions"}],"predecessor-version":[{"id":824,"href":"https:\/\/www.lutins.be\/index.php\/wp-json\/wp\/v2\/pages\/5\/revisions\/824"}],"wp:featuredmedia":[{"embeddable":true,"href":"https:\/\/www.lutins.be\/index.php\/wp-json\/wp\/v2\/media\/395"}],"wp:attachment":[{"href":"https:\/\/www.lutins.be\/index.php\/wp-json\/wp\/v2\/media?parent=5"}],"curies":[{"name":"wp","href":"https:\/\/api.w.org\/{rel}","templated":true}]}}